{"id":8,"date":"2013-06-02T18:35:45","date_gmt":"2013-06-02T18:35:45","guid":{"rendered":"http:\/\/gsv-schermbeck.de\/WordPress_03\/?page_id=8"},"modified":"2026-01-07T18:10:16","modified_gmt":"2026-01-07T17:10:16","slug":"die-vereine","status":"publish","type":"page","link":"https:\/\/gsv-schermbeck.de\/?page_id=8","title":{"rendered":"Die Vereine"},"content":{"rendered":"<p style=\"text-align: left;\" align=\"center\">Im GSV Schermbeck sind folgende Vereine Mitglieder. F\u00fcr n\u00e4here Informationen zu den einzelnen Vereinen, besuche bitte die jeweilige Homepage oder folgt uns bei Facebook<\/p>\n<p style=\"text-align: center;\" align=\"center\">Angelfischereiverein Gahlen Lippe e. V.<\/p>\n<p style=\"text-align: center;\" align=\"center\">Verein f\u00fcr Sportsch\u00fctzen Vosh\u00f6vel e.V.<\/p>\n<p style=\"text-align: center;\" align=\"center\">Tennis-Club Altschermbeck e. V.<br \/><a href=\"http:\/\/www.tc-altschermbeck.de\/\" target=\"_blank\" rel=\"noopener\">http:\/\/www.tc-altschermbeck.de\/<\/a><\/p>\n<p style=\"text-align: center;\" align=\"center\">Golfclub Weselerwald e. V.<br \/><a href=\"http:\/\/www.gcww.de\/cms\/\" target=\"_blank\" rel=\"noopener\">http:\/\/www.gcww.de\/cms\/<\/a><\/p>\n<p style=\"text-align: center;\" align=\"center\">Reiterverein &#8222;Lippe-Bruch&#8220; Gahlen e. V.<br \/><a href=\"http:\/\/www.rvgahlen.de\/\" target=\"_blank\" rel=\"noopener\">http:\/\/www.rvgahlen.de\/<\/a><\/p>\n<p style=\"text-align: center;\" align=\"center\">Schie\u00dfgruppe Altschermbeck 1960 e. V.<br \/><a href=\"http:\/\/www.sg-altschermbeck.de\/\" target=\"_blank\" rel=\"noopener\"> http:\/\/www.sg-altschermbeck.de\/<\/a><\/p>\n<p style=\"text-align: center;\" align=\"center\">Sportsch\u00fctzen Schermbeck e. V.<br \/><a href=\"http:\/\/www.sportschuetzen-schermbeck.de\/\" target=\"_blank\" rel=\"noopener\"> http:\/\/www.sportschuetzen-schermbeck.de\/<\/a><\/p>\n<p style=\"text-align: center;\" align=\"center\">SV Schermbeck e.V. 1912<br \/><a title=\"Homepage SV Schermbeck\" href=\"http:\/\/www.svschermbeck1912.de\" target=\"_blank\" rel=\"noopener\">http:\/\/www.svschermbeck1912.de<\/a>\/<\/p>\n<p style=\"text-align: center;\" align=\"center\">Tanzclub Gr\u00fcn-Wei\u00df Schermbeck 1990 e. V.<br \/><a href=\"http:\/\/www.tcgw.org\/\" target=\"_blank\" rel=\"noopener\">http:\/\/www.tcgw.org\/<\/a><\/p>\n<p style=\"text-align: center;\" align=\"center\">TuS Gahlen 1912 e. V.<br \/><a href=\"http:\/\/www.tusgahlen.de\/\">http:\/\/www.tusgahlen.de\/<\/a><\/p>\n<p style=\"text-align: center;\" align=\"center\">Wassersportverein Schermbeck e.V.<br \/><a href=\"http:\/\/www.wsv-schermbeck.de\/\">http:\/\/www.wsvschermbeck.de\/<\/a><\/p>\n<p style=\"text-align: center;\" align=\"center\">Zucht-, Reit- und Fahrverein Wodan Damm 1947 e.V.<br \/><a href=\"http:\/\/www.wodan-damm.de\/\">http:\/\/www.wodan-damm.de\/<\/a><\/p>\n<p align=\"center\">Sportsch\u00fctzen Vosh\u00f6vel e. V.<br \/><a href=\"https:\/\/weselerwald.com\/\">https:\/\/weselerwald.com\/\u00a0<\/a><\/p>\n<p style=\"text-align: center;\" align=\"center\">\u00a0<\/p>\n\n\n<p><\/p>\n","protected":false},"excerpt":{"rendered":"<p>Im GSV Schermbeck sind folgende Vereine Mitglieder. F\u00fcr n\u00e4here Informationen zu den einzelnen [&hellip;]<\/p>\n","protected":false},"author":1,"featured_media":0,"parent":0,"menu_order":0,"comment_status":"closed","ping_status":"closed","template":"","meta":{"footnotes":""},"class_list":["post-8","page","type-page","status-publish","hentry"],"_links":{"self":[{"href":"https:\/\/gsv-schermbeck.de\/index.php?rest_route=\/wp\/v2\/pages\/8","targetHints":{"allow":["GET"]}}],"collection":[{"href":"https:\/\/gsv-schermbeck.de\/index.php?rest_route=\/wp\/v2\/pages"}],"about":[{"href":"https:\/\/gsv-schermbeck.de\/index.php?rest_route=\/wp\/v2\/types\/page"}],"author":[{"embeddable":true,"href":"https:\/\/gsv-schermbeck.de\/index.php?rest_route=\/wp\/v2\/users\/1"}],"replies":[{"embeddable":true,"href":"https:\/\/gsv-schermbeck.de\/index.php?rest_route=%2Fwp%2Fv2%2Fcomments&post=8"}],"version-history":[{"count":14,"href":"https:\/\/gsv-schermbeck.de\/index.php?rest_route=\/wp\/v2\/pages\/8\/revisions"}],"predecessor-version":[{"id":907,"href":"https:\/\/gsv-schermbeck.de\/index.php?rest_route=\/wp\/v2\/pages\/8\/revisions\/907"}],"wp:attachment":[{"href":"https:\/\/gsv-schermbeck.de\/index.php?rest_route=%2Fwp%2Fv2%2Fmedia&parent=8"}],"curies":[{"name":"wp","href":"https:\/\/api.w.org\/{rel}","templated":true}]}}