{"id":72,"date":"2013-06-05T18:52:55","date_gmt":"2013-06-05T18:52:55","guid":{"rendered":"http:\/\/gsv-schermbeck.de\/WordPress_03\/?page_id=72"},"modified":"2017-05-02T18:18:43","modified_gmt":"2017-05-02T16:18:43","slug":"tag-des-sportes","status":"publish","type":"page","link":"https:\/\/gsv-schermbeck.de\/?page_id=72","title":{"rendered":"Tag des Sportes"},"content":{"rendered":"<p>Ziel beim Tag des Sportes ist es, den Menschen in der Region die teilnehmenden Schermbecker Sportvereine vorzustellen. Die Vereine zeigen gemeinsam, dass Sport und Bewegung Spa\u00df machen, dass Angebot vielf\u00e4ltig ist, dass Sport treiben in der Gemeinschaft eines Vereins seinen ganz besonderen Reiz hat.<\/p>\n<p>Durch dei Zusammenarbeit bei der Vorbereitung und Durchf\u00fchrung der Veranstaltung sollen sich zudem, die teilnehmenden Vereine besser kennenlernen, Ber\u00fchrungs\u00e4ngste abgebaut und langfristige Netzwerke geschaffen werden.<\/p>\n<p>&nbsp;<\/p>\n<p>&nbsp;<\/p>\n","protected":false},"excerpt":{"rendered":"<p>Ziel beim Tag des Sportes ist es, den Menschen in der Region die [&hellip;]<\/p>\n","protected":false},"author":1,"featured_media":0,"parent":0,"menu_order":0,"comment_status":"closed","ping_status":"closed","template":"","meta":{"footnotes":""},"class_list":["post-72","page","type-page","status-publish","hentry"],"_links":{"self":[{"href":"https:\/\/gsv-schermbeck.de\/index.php?rest_route=\/wp\/v2\/pages\/72","targetHints":{"allow":["GET"]}}],"collection":[{"href":"https:\/\/gsv-schermbeck.de\/index.php?rest_route=\/wp\/v2\/pages"}],"about":[{"href":"https:\/\/gsv-schermbeck.de\/index.php?rest_route=\/wp\/v2\/types\/page"}],"author":[{"embeddable":true,"href":"https:\/\/gsv-schermbeck.de\/index.php?rest_route=\/wp\/v2\/users\/1"}],"replies":[{"embeddable":true,"href":"https:\/\/gsv-schermbeck.de\/index.php?rest_route=%2Fwp%2Fv2%2Fcomments&post=72"}],"version-history":[{"count":4,"href":"https:\/\/gsv-schermbeck.de\/index.php?rest_route=\/wp\/v2\/pages\/72\/revisions"}],"predecessor-version":[{"id":513,"href":"https:\/\/gsv-schermbeck.de\/index.php?rest_route=\/wp\/v2\/pages\/72\/revisions\/513"}],"wp:attachment":[{"href":"https:\/\/gsv-schermbeck.de\/index.php?rest_route=%2Fwp%2Fv2%2Fmedia&parent=72"}],"curies":[{"name":"wp","href":"https:\/\/api.w.org\/{rel}","templated":true}]}}