{"id":68,"date":"2013-06-05T18:52:08","date_gmt":"2013-06-05T18:52:08","guid":{"rendered":"http:\/\/gsv-schermbeck.de\/WordPress_03\/?page_id=68"},"modified":"2013-11-30T13:15:30","modified_gmt":"2013-11-30T12:15:30","slug":"sportlerehrung-2012","status":"publish","type":"page","link":"https:\/\/gsv-schermbeck.de\/?page_id=68","title":{"rendered":"Sportlerehrung 2012"},"content":{"rendered":"<p>F\u00fcr die Ehrung\u00a0 der Sportler aus dem Jahre 2012 galten erstmals neue Vergaberegelungen. Eine Jury bestehend aus Vertretern von Sport, Medien und der Sparkasse Wesel-Schermbeck sowie der Volksbank Schermbeck w\u00e4hlten jeden Monat aus den Meldungen der einzelnen Sportlvereine an den GSV den Sportler bzw. die Sportlerin des Monats.<\/p>\n<p>Zum Jahresende traf sich die Jury bestehend aus Hella Sinnhuber, Olaf Thon, Andreas Leisten (Dorstener Zeitung), Jens Schulte (Sparkasse) und Helmut Seyer (Volksbank) um den Sportler, die Sportlerin oder die Manschaft des Jahres 2012 zu w\u00e4hlen.<\/p>\n<p>In einer gelungenen Veranstaltung am 18.01.2013 organisiert durch den GSV im Saal der Gastst\u00e4tte Ramirez in Schermbeck, zu der alle nominierten Sportler aus dem Jahr 2012 eingeladen waren, wurden die Preise an die Sieger \u00fcberreicht.<\/p>\n<p>Durch die gelungene Moderation von Hella Sinnhuber die aus einer Mischung aus Pr\u00e4sentation der einzelene Sportarten und humorvoll gef\u00fchrten Interviews mit den Sportlern bestand, \u00fcberzeugte die Sportlerehrung alle Anwesenden.<\/p>\n<p>Sportler des Jahres wurde Sebastian Spahn<br \/>\n<a href=\"http:\/\/gsv-schermbeck.de\/wp-content\/uploads\/2013\/06\/IMG_5301-800x533.jpg\" target=\"_blank\"><img loading=\"lazy\" decoding=\"async\" class=\"alignleft  wp-image-208\" alt=\"IMG_5301 (800x533)\" src=\"http:\/\/gsv-schermbeck.de\/wp-content\/uploads\/2013\/06\/IMG_5301-800x533-300x199.jpg\" width=\"216\" height=\"143\" srcset=\"https:\/\/gsv-schermbeck.de\/wp-content\/uploads\/2013\/06\/IMG_5301-800x533-300x199.jpg 300w, https:\/\/gsv-schermbeck.de\/wp-content\/uploads\/2013\/06\/IMG_5301-800x533.jpg 800w\" sizes=\"auto, (max-width: 216px) 100vw, 216px\" \/><\/a><\/p>\n<p><a href=\"http:\/\/gsv-schermbeck.de\/wp-content\/uploads\/2013\/06\/Sportlerehrung-2012.1-800x533.jpg\" target=\"_blank\"><img loading=\"lazy\" decoding=\"async\" class=\"wp-image-202 alignnone\" alt=\"Sportlerehrung 2012\" src=\"http:\/\/gsv-schermbeck.de\/wp-content\/uploads\/2013\/06\/Sportlerehrung-2012.1-800x533-300x199.jpg\" width=\"216\" height=\"143\" srcset=\"https:\/\/gsv-schermbeck.de\/wp-content\/uploads\/2013\/06\/Sportlerehrung-2012.1-800x533-300x199.jpg 300w, https:\/\/gsv-schermbeck.de\/wp-content\/uploads\/2013\/06\/Sportlerehrung-2012.1-800x533.jpg 800w\" sizes=\"auto, (max-width: 216px) 100vw, 216px\" \/><\/a><a href=\"http:\/\/gsv-schermbeck.de\/wp-content\/uploads\/2013\/06\/Sporlerehrung-2012.2-800x533.jpg\"><img loading=\"lazy\" decoding=\"async\" class=\"alignleft  wp-image-204\" alt=\"Sporlerehrung 2012.2 (800x533)\" src=\"http:\/\/gsv-schermbeck.de\/wp-content\/uploads\/2013\/06\/Sporlerehrung-2012.2-800x533-300x199.jpg\" width=\"216\" height=\"143\" srcset=\"https:\/\/gsv-schermbeck.de\/wp-content\/uploads\/2013\/06\/Sporlerehrung-2012.2-800x533-300x199.jpg 300w, https:\/\/gsv-schermbeck.de\/wp-content\/uploads\/2013\/06\/Sporlerehrung-2012.2-800x533.jpg 800w\" sizes=\"auto, (max-width: 216px) 100vw, 216px\" \/><\/a><a href=\"http:\/\/gsv-schermbeck.de\/wp-content\/uploads\/2013\/06\/IMG_5279-800x533.jpg\"><img loading=\"lazy\" decoding=\"async\" class=\"alignleft  wp-image-205\" alt=\"IMG_5279 (800x533)\" src=\"http:\/\/gsv-schermbeck.de\/wp-content\/uploads\/2013\/06\/IMG_5279-800x533-300x199.jpg\" width=\"216\" height=\"143\" srcset=\"https:\/\/gsv-schermbeck.de\/wp-content\/uploads\/2013\/06\/IMG_5279-800x533-300x199.jpg 300w, https:\/\/gsv-schermbeck.de\/wp-content\/uploads\/2013\/06\/IMG_5279-800x533.jpg 800w\" sizes=\"auto, (max-width: 216px) 100vw, 216px\" \/><\/a><\/p>\n","protected":false},"excerpt":{"rendered":"<p>F\u00fcr die Ehrung\u00a0 der Sportler aus dem Jahre 2012 galten erstmals neue Vergaberegelungen. [&hellip;]<\/p>\n","protected":false},"author":1,"featured_media":0,"parent":62,"menu_order":0,"comment_status":"closed","ping_status":"closed","template":"","meta":{"footnotes":""},"class_list":["post-68","page","type-page","status-publish","hentry"],"_links":{"self":[{"href":"https:\/\/gsv-schermbeck.de\/index.php?rest_route=\/wp\/v2\/pages\/68","targetHints":{"allow":["GET"]}}],"collection":[{"href":"https:\/\/gsv-schermbeck.de\/index.php?rest_route=\/wp\/v2\/pages"}],"about":[{"href":"https:\/\/gsv-schermbeck.de\/index.php?rest_route=\/wp\/v2\/types\/page"}],"author":[{"embeddable":true,"href":"https:\/\/gsv-schermbeck.de\/index.php?rest_route=\/wp\/v2\/users\/1"}],"replies":[{"embeddable":true,"href":"https:\/\/gsv-schermbeck.de\/index.php?rest_route=%2Fwp%2Fv2%2Fcomments&post=68"}],"version-history":[{"count":9,"href":"https:\/\/gsv-schermbeck.de\/index.php?rest_route=\/wp\/v2\/pages\/68\/revisions"}],"predecessor-version":[{"id":247,"href":"https:\/\/gsv-schermbeck.de\/index.php?rest_route=\/wp\/v2\/pages\/68\/revisions\/247"}],"up":[{"embeddable":true,"href":"https:\/\/gsv-schermbeck.de\/index.php?rest_route=\/wp\/v2\/pages\/62"}],"wp:attachment":[{"href":"https:\/\/gsv-schermbeck.de\/index.php?rest_route=%2Fwp%2Fv2%2Fmedia&parent=68"}],"curies":[{"name":"wp","href":"https:\/\/api.w.org\/{rel}","templated":true}]}}