{"id":6,"date":"2013-06-02T19:12:49","date_gmt":"2013-06-02T19:12:49","guid":{"rendered":"http:\/\/gsv-schermbeck.de\/WordPress_03\/?page_id=6"},"modified":"2025-01-23T11:17:42","modified_gmt":"2025-01-23T10:17:42","slug":"gsv-schermbeck","status":"publish","type":"page","link":"https:\/\/gsv-schermbeck.de\/?page_id=6","title":{"rendered":"GSV Schermbeck"},"content":{"rendered":"<div data-colibri-id=\"6-c1\" class=\"style-324 style-local-6-c1 position-relative\">\n  <!---->\n  <div data-colibri-component=\"section\" data-colibri-id=\"6-c2\" id=\"content\" class=\"h-section h-section-global-spacing d-flex align-items-lg-center align-items-md-center align-items-center style-330 style-local-6-c2 position-relative\">\n    <!---->\n    <!---->\n    <div class=\"h-section-grid-container h-section-fluid-container\">\n      <!---->\n      <div data-colibri-id=\"6-c3\" class=\"h-row-container gutters-row-lg-0 gutters-row-md-0 gutters-row-2 gutters-row-v-lg-0 gutters-row-v-md-0 gutters-row-v-2 style-331 style-local-6-c3 position-relative\">\n        <!---->\n        <div class=\"h-row justify-content-lg-center justify-content-md-center justify-content-center align-items-lg-stretch align-items-md-stretch align-items-stretch gutters-col-lg-0 gutters-col-md-0 gutters-col-2 gutters-col-v-lg-0 gutters-col-v-md-0 gutters-col-v-2\">\n          <!---->\n          <div class=\"h-column h-column-container d-flex h-col-lg-auto h-col-md-auto h-col-auto style-332-outer style-local-6-c4-outer\">\n            <div data-colibri-id=\"6-c4\" class=\"d-flex h-flex-basis h-column__inner h-px-lg-0 h-px-md-0 h-px-0 v-inner-lg-0 v-inner-md-0 v-inner-0 style-332 style-local-6-c4 position-relative\">\n              <!---->\n              <!---->\n              <div class=\"w-100 h-y-container h-column__content h-column__v-align flex-basis-100 align-self-lg-start align-self-md-start align-self-start\">\n                <!---->\n                <div data-colibri-id=\"6-c5\" class=\"h-global-transition-all h-heading style-333 style-local-6-c5 position-relative h-element\">\n                  <!---->\n                  <div class=\"h-heading__outer style-333 style-local-6-c5\">\n                    <!---->\n                    <!---->\n                    <h4 class=\"\">Starke Gemeinschaft f\u00fcr den Sport<\/h4>\n                  <\/div>\n                <\/div>\n                <div data-colibri-id=\"6-c6\" class=\"h-global-transition-all h-heading style-334 style-local-6-c6 position-relative h-element\">\n                  <!---->\n                  <div class=\"h-heading__outer style-334 style-local-6-c6\">\n                    <!---->\n                    <!---->\n                    <h2 class=\"\">Gemeindesportverband Schermbeck e.V.<\/h2>\n                  <\/div>\n                <\/div>\n                <div data-colibri-id=\"6-c7\" class=\"h-text h-text-component style-335 style-local-6-c7 position-relative h-element\">\n                  <!---->\n                  <!---->\n                  <div class=\"\">\n                    <p>Der <strong>Gemeindesportverband Schermbeck (GSV)<\/strong> wurde im Jahr 1975 ins Leben gerufen, um eine zentrale Organisation zu schaffen, die die Belange und Interessen aller Sportvereine der Gemeinde b\u00fcndelt und vertritt. Unter\n                      dem Dach des GSV haben sich <strong>zw\u00f6lf Vereine<\/strong> zusammengeschlossen, die eine beeindruckende Vielfalt an Sportarten anbieten. Von <strong>Leichtathletik, Fu\u00dfball und Handball<\/strong> \u00fcber <strong>Golf, Angeln und Schwimmen<\/strong>                      bis hin zu <strong>Reiten, Tanzen, Tennis, Tischtennis, Volleyball und Schie\u00dfen<\/strong> \u2013 hier ist f\u00fcr jeden Sportbegeisterten etwas dabei.<\/p>\n                  <\/div>\n                <\/div>\n                <div data-colibri-id=\"6-c8\" class=\"h-row-container gutters-row-lg-2 gutters-row-md-2 gutters-row-0 gutters-row-v-lg-2 gutters-row-v-md-2 gutters-row-v-0 style-336 style-local-6-c8 position-relative\">\n                  <!---->\n                  <div class=\"h-row justify-content-lg-center justify-content-md-center justify-content-center align-items-lg-stretch align-items-md-stretch align-items-stretch gutters-col-lg-2 gutters-col-md-2 gutters-col-0 gutters-col-v-lg-2 gutters-col-v-md-2 gutters-col-v-0\">\n                    <!---->\n                    <div class=\"h-column h-column-container d-flex h-col-lg-6 h-col-md-6 h-col-6 style-337-outer style-local-6-c9-outer\">\n                      <div data-colibri-id=\"6-c9\" class=\"d-flex h-flex-basis h-column__inner h-px-lg-0 h-px-md-0 h-px-0 v-inner-lg-0 v-inner-md-0 v-inner-0 style-337 style-local-6-c9 position-relative\">\n                        <!---->\n                        <!---->\n                        <div class=\"w-100 h-y-container h-column__content h-column__v-align flex-basis-100 align-self-lg-start align-self-md-start align-self-start\">\n                          <!---->\n                          <div data-colibri-id=\"6-c10\" class=\"h-global-transition-all h-heading style-338 style-local-6-c10 position-relative h-element\">\n                            <!---->\n                            <div class=\"h-heading__outer style-338 style-local-6-c10\">\n                              <!---->\n                              <!---->\n                              <h5 class=\"\">Verantwortung f\u00fcr Kinder, Jugendliche und die Zukunft<\/h5>\n                            <\/div>\n                          <\/div>\n                          <div data-colibri-id=\"6-c11\" class=\"h-text h-text-component style-339 style-local-6-c11 position-relative h-element\">\n                            <!---->\n                            <!---->\n                            <div class=\"\">\n                              <p>In einer Zeit wachsender Freizeitm\u00f6glichkeiten und knapper finanzieller Mittel wird die Aufgabe, sinnvolle Angebote f\u00fcr Kinder und Jugendliche zu schaffen, immer bedeutender. Die Schermbecker Sportvereine nehmen diese Herausforderung\n                                mit gro\u00dfem Engagement an. Der GSV sieht es als seine Aufgabe, sie dabei zu unterst\u00fctzen \u2013 sei es durch organisatorische Hilfe, die Vermittlung von F\u00f6rdermitteln oder durch den Zusammenhalt innerhalb der Sportfamilie.<\/p>\n                            <\/div>\n                          <\/div>\n                        <\/div>\n                      <\/div>\n                    <\/div>\n                    <div class=\"h-column h-column-container d-flex h-col-lg-6 h-col-md-6 h-col-6 style-337-outer style-local-6-c12-outer\">\n                      <div data-colibri-id=\"6-c12\" class=\"d-flex h-flex-basis h-column__inner h-px-lg-0 h-px-md-0 h-px-0 v-inner-lg-0 v-inner-md-0 v-inner-0 style-337 style-local-6-c12 position-relative\">\n                        <!---->\n                        <!---->\n                        <div class=\"w-100 h-y-container h-column__content h-column__v-align flex-basis-100 align-self-lg-start align-self-md-start align-self-start\">\n                          <!---->\n                          <div data-colibri-id=\"6-c13\" class=\"h-global-transition-all h-heading style-338 style-local-6-c13 position-relative h-element\">\n                            <!---->\n                            <div class=\"h-heading__outer style-338 style-local-6-c13\">\n                              <!---->\n                              <!---->\n                              <h5 class=\"\">Sportliche Erfolge im Fokus<\/h5>\n                            <\/div>\n                          <\/div>\n                          <div data-colibri-id=\"6-c14\" class=\"h-text h-text-component style-339 style-local-6-c14 position-relative h-element\">\n                            <!---->\n                            <!---->\n                            <div class=\"\">\n                              <p>Ein besonderes Highlight des GSV ist die j\u00e4hrliche Ehrung von verdienten Sportlerinnen und Sportlern, die durch herausragende Leistungen auf sich aufmerksam gemacht haben \u2013 sei es innerhalb der Gemeinde oder auf regionaler,\n                                nationaler oder internationaler Ebene. Diese Veranstaltung w\u00fcrdigt nicht nur sportliche Erfolge, sondern st\u00e4rkt auch die Anerkennung und den Zusammenhalt innerhalb der Sportgemeinschaft.<\/p>\n                            <\/div>\n                          <\/div>\n                        <\/div>\n                      <\/div>\n                    <\/div>\n                    <div class=\"h-column h-column-container d-flex h-col-lg-6 h-col-md-6 h-col-6 style-337-outer style-local-6-c15-outer\">\n                      <div data-colibri-id=\"6-c15\" class=\"d-flex h-flex-basis h-column__inner h-px-lg-0 h-px-md-0 h-px-0 v-inner-lg-0 v-inner-md-0 v-inner-0 style-337 style-local-6-c15 position-relative\">\n                        <!---->\n                        <!---->\n                        <div class=\"w-100 h-y-container h-column__content h-column__v-align flex-basis-100 align-self-lg-start align-self-md-start align-self-start\">\n                          <!---->\n                          <div data-colibri-id=\"6-c16\" class=\"h-global-transition-all h-heading style-338 style-local-6-c16 position-relative h-element\">\n                            <!---->\n                            <div class=\"h-heading__outer style-338 style-local-6-c16\">\n                              <!---->\n                              <!---->\n                              <h5 class=\"\">Aufgaben und Ziele des GSV<\/h5>\n                            <\/div>\n                          <\/div>\n                          <div data-colibri-id=\"6-c17\" class=\"h-text h-text-component style-339 style-local-6-c17 position-relative h-element\">\n                            <!---->\n                            <!---->\n                            <div class=\"\">\n                              <p>Der GSV verfolgt das Ziel, den Sport in Schermbeck aktiv zu f\u00f6rdern und die Vereine bei ihrer wichtigen Arbeit zu unterst\u00fctzen. Dies umfasst:<\/p>\n                              <ul>\n                                <li>Die <strong>Organisation und Unterst\u00fctzung sportlicher Veranstaltungen<\/strong>, die von Schermbecker Vereinen ausgerichtet werden.<\/li>\n                                <li>Die <strong>Begleitung bei Pr\u00fcfungen f\u00fcr Sport- und Leistungsabzeichen<\/strong>.<\/li>\n                                <li>Die <strong>Beratung bei der Vergabe von Zusch\u00fcssen<\/strong> durch die Gemeinde.<\/li>\n                                <li>Die <strong>\u00d6ffentlichkeitsarbeit<\/strong>, um die Bedeutung des Sports in der Gemeinde zu st\u00e4rken.<\/li>\n                                <li>Die <strong>Interessenvertretung der Vereine<\/strong> gegen\u00fcber den Organen der Gemeinde Schermbeck.<\/li>\n                              <\/ul>\n                              <p>Der GSV versteht sich als Bindeglied zwischen den Sportvereinen und der Gemeinde, um die Rahmenbedingungen f\u00fcr den Sport stetig zu verbessern und die Gemeinschaft zu f\u00f6rdern.<\/p>\n                            <\/div>\n                          <\/div>\n                        <\/div>\n                      <\/div>\n                    <\/div>\n                    <div class=\"h-column h-column-container d-flex h-col-lg-6 h-col-md-6 h-col-6 style-337-outer style-local-6-c18-outer\">\n                      <div data-colibri-id=\"6-c18\" class=\"d-flex h-flex-basis h-column__inner h-px-lg-0 h-px-md-0 h-px-0 v-inner-lg-0 v-inner-md-0 v-inner-0 style-337 style-local-6-c18 position-relative\">\n                        <!---->\n                        <!---->\n                        <div class=\"w-100 h-y-container h-column__content h-column__v-align flex-basis-100 align-self-lg-start align-self-md-start align-self-start\">\n                          <!---->\n                          <div data-colibri-id=\"6-c19\" class=\"h-global-transition-all h-heading style-338 style-local-6-c19 position-relative h-element\">\n                            <!---->\n                            <div class=\"h-heading__outer style-338 style-local-6-c19\">\n                              <!---->\n                              <!---->\n                              <h5 class=\"\">Gemeinsam f\u00fcr eine lebendige Sportkultur<\/h5>\n                            <\/div>\n                          <\/div>\n                          <div data-colibri-id=\"6-c20\" class=\"h-text h-text-component style-339 style-local-6-c20 position-relative h-element\">\n                            <!---->\n                            <!---->\n                            <div class=\"\">\n                              <p>Der Gemeindesportverband Schermbeck e.V. ist weit mehr als nur ein Dachverband. Er ist ein starkes Netzwerk, das mit Leidenschaft, Engagement und Weitblick den Sport in der Gemeinde f\u00f6rdert und weiterentwickelt. Mit seinen\n                                vielf\u00e4ltigen Aktivit\u00e4ten tr\u00e4gt der GSV dazu bei, den Sport zu einer verbindenden Kraft in Schermbeck zu machen \u2013 f\u00fcr heute, morgen und die Zukunft.<\/p>\n                            <\/div>\n                          <\/div>\n                        <\/div>\n                      <\/div>\n                    <\/div>\n                  <\/div>\n                <\/div>\n              <\/div>\n            <\/div>\n          <\/div>\n          <div class=\"h-column h-column-container d-flex h-col-lg-auto h-col-md-auto h-col-auto style-340-outer style-local-6-c21-outer\">\n            <div data-colibri-id=\"6-c21\" class=\"d-flex h-flex-basis h-column__inner h-ui-empty-state-container h-px-lg-0 h-px-md-0 h-px-0 v-inner-lg-0 v-inner-md-0 v-inner-0 style-340 style-local-6-c21 position-relative\">\n              <!---->\n              <!---->\n              <div class=\"w-100 h-y-container h-column__content h-column__v-align flex-basis-100\">\n                <!---->\n              <\/div>\n            <\/div>\n          <\/div>\n        <\/div>\n      <\/div>\n    <\/div>\n  <\/div>\n<\/div>","protected":false},"excerpt":{"rendered":"<p>Starke Gemeinschaft f\u00fcr den Sport Gemeindesportverband Schermbeck e.V. Der Gemeindesportverband Schermbeck (GSV) wurde [&hellip;]<\/p>\n","protected":false},"author":1,"featured_media":0,"parent":0,"menu_order":0,"comment_status":"closed","ping_status":"closed","template":"page-templates\/full-width-page.php","meta":{"footnotes":""},"class_list":["post-6","page","type-page","status-publish","hentry"],"_links":{"self":[{"href":"https:\/\/gsv-schermbeck.de\/index.php?rest_route=\/wp\/v2\/pages\/6","targetHints":{"allow":["GET"]}}],"collection":[{"href":"https:\/\/gsv-schermbeck.de\/index.php?rest_route=\/wp\/v2\/pages"}],"about":[{"href":"https:\/\/gsv-schermbeck.de\/index.php?rest_route=\/wp\/v2\/types\/page"}],"author":[{"embeddable":true,"href":"https:\/\/gsv-schermbeck.de\/index.php?rest_route=\/wp\/v2\/users\/1"}],"replies":[{"embeddable":true,"href":"https:\/\/gsv-schermbeck.de\/index.php?rest_route=%2Fwp%2Fv2%2Fcomments&post=6"}],"version-history":[{"count":16,"href":"https:\/\/gsv-schermbeck.de\/index.php?rest_route=\/wp\/v2\/pages\/6\/revisions"}],"predecessor-version":[{"id":852,"href":"https:\/\/gsv-schermbeck.de\/index.php?rest_route=\/wp\/v2\/pages\/6\/revisions\/852"}],"wp:attachment":[{"href":"https:\/\/gsv-schermbeck.de\/index.php?rest_route=%2Fwp%2Fv2%2Fmedia&parent=6"}],"curies":[{"name":"wp","href":"https:\/\/api.w.org\/{rel}","templated":true}]}}