{"id":49,"date":"2013-06-03T22:38:07","date_gmt":"2013-06-03T20:38:07","guid":{"rendered":"http:\/\/gsv-schermbeck.de\/WordPress_03\/?page_id=49"},"modified":"2026-04-01T19:31:39","modified_gmt":"2026-04-01T17:31:39","slug":"vorstand","status":"publish","type":"page","link":"https:\/\/gsv-schermbeck.de\/?page_id=49","title":{"rendered":"Vorstand"},"content":{"rendered":"<table style=\"height: 756px;\" border=\"0\" width=\"847\" cellspacing=\"0\" cellpadding=\"0\">\n<colgroup>\n<col width=\"121\" \/>\n<col width=\"157\" \/>\n<col width=\"255\" \/><\/colgroup>\n<tbody>\n<tr>\n<td width=\"121\" height=\"20\">1. Vorsitzender<\/td>\n<td width=\"157\">Thorsten Schr\u00f6der<\/td>\n<td width=\"255\"><a href=\"mailto:1.vorsitzender@gsv-schermbeck.de\">1.vorsitzender@gsv-schermbeck.de<\/a><\/td>\n<\/tr>\n<tr>\n<td height=\"20\"><\/td>\n<td><\/td>\n<td>02853 3778<\/td>\n<\/tr>\n<tr>\n<td height=\"21\"><\/td>\n<td><\/td>\n<td><\/td>\n<\/tr>\n<tr>\n<td height=\"20\">2. Vorsitzende<\/td>\n<td>Thorsten Schr\u00f6der<\/td>\n<td><a href=\"mailto:2.vorsitzender@gsv-schermbeck.de\">2.vorsitzender@gsv-schermbeck.de<\/a><\/td>\n<\/tr>\n<tr>\n<td height=\"20\"><\/td>\n<td><\/td>\n<td><\/td>\n<\/tr>\n<tr>\n<td height=\"21\"><\/td>\n<td><\/td>\n<td><\/td>\n<\/tr>\n<tr>\n<td height=\"20\">Gesch\u00e4ftsf\u00fchrer<\/td>\n<td>Monika Fiethen<\/td>\n<td><a href=\"mailto:geschaeftsfuehrer@gsv-schermbeck.de\">geschaeftsfuehrer@gsv-schermbeck.de<\/a><\/td>\n<\/tr>\n<tr>\n<td height=\"20\"><\/td>\n<td><\/td>\n<td><\/td>\n<\/tr>\n<tr>\n<td height=\"21\"><\/td>\n<td><\/td>\n<td><\/td>\n<\/tr>\n<tr>\n<td height=\"20\">Sportwartin<\/td>\n<td>Michael Klein<\/td>\n<td><a href=\"mailto:sportwart@gsv-schermbeck.de\">sportwart@gsv-schermbeck.de<\/a><\/td>\n<\/tr>\n<tr>\n<td height=\"20\"><\/td>\n<td><\/td>\n<td><\/td>\n<\/tr>\n<tr>\n<td height=\"21\"><\/td>\n<td><\/td>\n<td><\/td>\n<\/tr>\n<tr>\n<td height=\"20\">1. Beisitzer<\/td>\n<td>Christian K\u00e4hlig<\/td>\n<td><a href=\"mailto:1.beisitzer@gsv-schermbeck.de\">1.beisitzer@gsv-schermbeck.de<\/a><\/td>\n<\/tr>\n<tr>\n<td height=\"20\"><\/td>\n<td><\/td>\n<td><\/td>\n<\/tr>\n<tr>\n<td height=\"21\">2. Beisitzer<\/td>\n<td>Tim Cleve<\/td>\n<td><a href=\"mailto:2.beisitzer@gsv-schermbeck.de\">2.beisitzer@gsv-schermbeck.de<\/a><\/td>\n<\/tr>\n<tr>\n<td height=\"21\"><\/td>\n<td><\/td>\n<td><\/td>\n<\/tr>\n<tr>\n<td height=\"20\">Jugendwartin<\/td>\n<td>Denise Wellmann-Peters<\/td>\n<td><a href=\"mailto:1.beisitzer@gsv-schermbeck.de\">jugendwart@gsv-schermbeck.de<\/a><\/td>\n<\/tr>\n<tr>\n<td height=\"20\"><\/td>\n<td><\/td>\n<td><\/td>\n<\/tr>\n<tr>\n<td height=\"21\"><\/td>\n<td><\/td>\n<td><\/td>\n<\/tr>\n<tr>\n<td height=\"20\"><\/td>\n<td><\/td>\n<td><\/td>\n<\/tr>\n<tr>\n<td height=\"20\"><\/td>\n<td><\/td>\n<td><\/td>\n<\/tr>\n<tr>\n<td height=\"21\"><\/td>\n<td><\/td>\n<td><\/td>\n<\/tr>\n<\/tbody>\n<\/table>\n","protected":false},"excerpt":{"rendered":"<p>1. Vorsitzender Thorsten Schr\u00f6der 1.vorsitzender@gsv-schermbeck.de 02853 3778 2. Vorsitzende Thorsten Schr\u00f6der 2.vorsitzender@gsv-schermbeck.de Gesch\u00e4ftsf\u00fchrer [&hellip;]<\/p>\n","protected":false},"author":1,"featured_media":28,"parent":6,"menu_order":0,"comment_status":"closed","ping_status":"closed","template":"","meta":{"footnotes":""},"class_list":["post-49","page","type-page","status-publish","has-post-thumbnail","hentry"],"_links":{"self":[{"href":"https:\/\/gsv-schermbeck.de\/index.php?rest_route=\/wp\/v2\/pages\/49","targetHints":{"allow":["GET"]}}],"collection":[{"href":"https:\/\/gsv-schermbeck.de\/index.php?rest_route=\/wp\/v2\/pages"}],"about":[{"href":"https:\/\/gsv-schermbeck.de\/index.php?rest_route=\/wp\/v2\/types\/page"}],"author":[{"embeddable":true,"href":"https:\/\/gsv-schermbeck.de\/index.php?rest_route=\/wp\/v2\/users\/1"}],"replies":[{"embeddable":true,"href":"https:\/\/gsv-schermbeck.de\/index.php?rest_route=%2Fwp%2Fv2%2Fcomments&post=49"}],"version-history":[{"count":13,"href":"https:\/\/gsv-schermbeck.de\/index.php?rest_route=\/wp\/v2\/pages\/49\/revisions"}],"predecessor-version":[{"id":909,"href":"https:\/\/gsv-schermbeck.de\/index.php?rest_route=\/wp\/v2\/pages\/49\/revisions\/909"}],"up":[{"embeddable":true,"href":"https:\/\/gsv-schermbeck.de\/index.php?rest_route=\/wp\/v2\/pages\/6"}],"wp:featuredmedia":[{"embeddable":true,"href":"https:\/\/gsv-schermbeck.de\/index.php?rest_route=\/wp\/v2\/media\/28"}],"wp:attachment":[{"href":"https:\/\/gsv-schermbeck.de\/index.php?rest_route=%2Fwp%2Fv2%2Fmedia&parent=49"}],"curies":[{"name":"wp","href":"https:\/\/api.w.org\/{rel}","templated":true}]}}